{"id":43252,"date":"2019-08-06T16:43:19","date_gmt":"2019-08-06T16:43:19","guid":{"rendered":"https:dev.cafeimports.com\/blog\/?page_id=43252"},"modified":"2022-09-07T15:45:08","modified_gmt":"2022-09-07T20:45:08","slug":"colombia-best-cup","status":"publish","type":"page","link":"https:\/\/dev.cafeimports.com\/australia\/blog\/colombia-best-cup\/","title":{"rendered":"Colombia Best Cup | Cafe Imports | Importers of Fine Specialty Green Coffee"},"content":{"rendered":"<p>[et_pb_section fb_built=&#8221;1&#8243; disabled_on=&#8221;on|on|off&#8221; _builder_version=&#8221;4.16&#8243; background_image=&#8221;\/\/cdn.cafeimports.com\/images\/Best-Cup-Colombia-2019-background.png&#8221; locked=&#8221;off&#8221; global_colors_info=&#8221;{}&#8221;][et_pb_row _builder_version=&#8221;4.16&#8243; global_colors_info=&#8221;{}&#8221;][et_pb_column type=&#8221;4_4&#8243; _builder_version=&#8221;4.16&#8243; custom_padding=&#8221;|||&#8221; global_colors_info=&#8221;{}&#8221; custom_padding__hover=&#8221;|||&#8221;][et_pb_image src=&#8221;https:\/\/dev-cdn.cafeimports.com\/images\/Best-Cup-Banner.png&#8221; title_text=&#8221;Best-Cup-Banner&#8221; url=&#8221;\/colombia-best-cup&#8221; align_tablet=&#8221;center&#8221; align_phone=&#8221;&#8221; align_last_edited=&#8221;on|desktop&#8221; _builder_version=&#8221;4.16&#8243; global_colors_info=&#8221;{}&#8221;][\/et_pb_image][\/et_pb_column][\/et_pb_row][\/et_pb_section][et_pb_section fb_built=&#8221;1&#8243; specialty=&#8221;on&#8221; disabled_on=&#8221;off|off|off&#8221; _builder_version=&#8221;4.16&#8243; background_enable_image=&#8221;off&#8221; max_width_tablet=&#8221;85%&#8221; max_width_phone=&#8221;&#8221; max_width_last_edited=&#8221;on|tablet&#8221; module_alignment=&#8221;center&#8221; global_colors_info=&#8221;{}&#8221;][et_pb_column type=&#8221;1_4&#8243; _builder_version=&#8221;4.16&#8243; custom_padding=&#8221;|||&#8221; global_colors_info=&#8221;{}&#8221; custom_padding__hover=&#8221;|||&#8221;][et_pb_sidebar area=&#8221;et_pb_widget_area_36&#8243; disabled_on=&#8221;on|on|off&#8221; _builder_version=&#8221;4.16&#8243; header_font=&#8221;|700|||||||&#8221; text_orientation=&#8221;right&#8221; custom_margin=&#8221;0px|||&#8221; custom_padding=&#8221;0px|||&#8221; global_colors_info=&#8221;{}&#8221;][\/et_pb_sidebar][\/et_pb_column][et_pb_column type=&#8221;3_4&#8243; specialty_columns=&#8221;3&#8243; _builder_version=&#8221;4.16&#8243; custom_padding=&#8221;|||&#8221; global_colors_info=&#8221;{}&#8221; custom_padding__hover=&#8221;|||&#8221;][et_pb_row_inner admin_label=&#8221;Row&#8221; _builder_version=&#8221;4.16&#8243; custom_margin=&#8221;|0px||0px&#8221; custom_padding=&#8221;|0px||0px&#8221; global_colors_info=&#8221;{}&#8221;][et_pb_column_inner saved_specialty_column_type=&#8221;3_4&#8243; _builder_version=&#8221;4.16&#8243; custom_padding=&#8221;|0px||0px&#8221; global_colors_info=&#8221;{}&#8221; custom_padding__hover=&#8221;|||&#8221;][et_pb_text disabled_on=&#8221;off||&#8221; admin_label=&#8221;Title and date&#8221; _builder_version=&#8221;4.16&#8243; text_font=&#8221;Raleway|700|||||||&#8221; text_text_color=&#8221;#000000&#8243; text_font_size=&#8221;25px&#8221; header_font=&#8221;Raleway|700|||||||&#8221; header_text_align=&#8221;left&#8221; header_text_color=&#8221;#621d0e&#8221; text_orientation=&#8221;center&#8221; custom_margin=&#8221;||0px|&#8221; custom_padding=&#8221;||0px|&#8221; global_colors_info=&#8221;{}&#8221;]<\/p>\n<h1>Colombia Best Cup<\/h1>\n<p style=\"text-align: left;\">September 18\u201325, 2022<\/p>\n<p>[\/et_pb_text][et_pb_divider show_divider=&#8221;off&#8221; _builder_version=&#8221;4.16&#8243; height=&#8221;30px&#8221; global_colors_info=&#8221;{}&#8221;][\/et_pb_divider][et_pb_text admin_label=&#8221;Intro text&#8221; _builder_version=&#8221;4.16&#8243; text_font=&#8221;Raleway||||||||&#8221; text_font_size=&#8221;15px&#8221; header_font=&#8221;Raleway||||||||&#8221; header_font_size=&#8221;25px&#8221; text_orientation=&#8221;justified&#8221; max_width_tablet=&#8221;98%&#8221; max_width_phone=&#8221;&#8221; max_width_last_edited=&#8221;on|desktop&#8221; module_alignment=&#8221;center&#8221; global_colors_info=&#8221;{}&#8221;]<\/p>\n<p>Colombia is a special place to us in general at Cafe Imports, but it\u2019s also the coffee-growing country where the Best Cup competition was born: Along with our partners at <a href=\"https:\/\/www.instagram.com\/banexport\/?hl=en\">Banexport<\/a>, we created this regional competition to highlight the best and brightest within several of the country\u2019s specific growing areas, beginning with Cauca and Huila. Last year, we expanded our reach to the Nari\u00f1o and Tolima departments in order to discover even more top-shelf lots from the world\u2019s best smallholder producers, and this year we&#8217;ll have the same four-Department contest.<\/p>\n<p>Best Cup participants will cup through and rank the top 15 microlots, as well as have the opportunity to taste and select FCL workhorse, Regional Select, and Variety Select coffees in an attempt to support the supply chain and to assist roasters in building their menus for the coming harvest season. Producers will be on-hand to celebrate at the live auction at the end of the event.<\/p>\n<p>We look forward to hosting you in Colombia and hope you will join us.<\/p>\n<p>[\/et_pb_text][et_pb_accordion disabled_on=&#8221;off|off|off&#8221; _builder_version=&#8221;4.18.0&#8243; toggle_level=&#8221;h4&#8243; toggle_font=&#8221;Raleway||||||||&#8221; body_font=&#8221;Raleway||||||||&#8221; text_orientation=&#8221;left&#8221; global_colors_info=&#8221;{}&#8221;][et_pb_accordion_item title=&#8221;Itinerary&#8221; open=&#8221;on&#8221; _builder_version=&#8221;4.16&#8243; global_colors_info=&#8221;{}&#8221;]<\/p>\n<p><strong>Sunday, September 18<\/strong><\/p>\n<p>Arrival to El Dorado International Airport (BOG) in Bogot\u00e1, stay overnight at Aloft hotel.<\/p>\n<p><strong>Monday, September 19<\/strong><\/p>\n<p>Group flight from BOG to Popay\u00e1n PPN.<\/p>\n<p>Calibration cupping<\/p>\n<p><strong>Tuesday,\u00a0 September 20<\/strong><\/p>\n<p>Cupping, Farm Visits<\/p>\n<p><strong>Wednesday, September 21<\/strong><\/p>\n<p>Cupping, Farm Visits<\/p>\n<p><strong>Thursday, September 22<\/strong><\/p>\n<p>Cupping, Farm Visits<\/p>\n<p><strong>Friday, September 23<\/strong><\/p>\n<p>Cupping top lots, Farm Visits<\/p>\n<p>Live Auction Event<\/p>\n<p><strong>Saturday, September 24<\/strong><\/p>\n<p>Live Auction Event in Popayan, Cauca<\/p>\n<p><strong>Sunday, September 25<\/strong><\/p>\n<p>Group flight from PPN to BOG (Details coming soon), stay overnight at Aloft Hotel.<\/p>\n<p><strong>Monday, September 26<\/strong><\/p>\n<p>Departure from BOG.<\/p>\n<p>[\/et_pb_accordion_item][et_pb_accordion_item title=&#8221;Expenses&#8221; _builder_version=&#8221;4.16&#8243; global_colors_info=&#8221;{}&#8221; open=&#8221;off&#8221;]<\/p>\n<p class=\"p1\"><b>Trip attendees will be responsible for:<\/b><\/p>\n<p class=\"p1\">\u2022\u00a0<b>Booking\/cost of international flights\u00a0<\/b>to and from Colombia.<\/p>\n<p class=\"p1\">\u2022\u00a0<b>Booking\/cost of domestic flights\u00a0<\/b>between Bogot\u00e1 and Popay\u00e1n.<\/p>\n<p class=\"p1\">\u2022\u00a0<strong>Cost of lodging:\u00a0<\/strong>Approximately $500 USD for the week<\/p>\n<p class=\"p1\">\u2022\u00a0<b>Souvenirs and other incidentals<\/b>.<\/p>\n<p class=\"p2\">\u2022\u00a0<b><i>Cafe Imports will cover group meals and ground transport. Individuals may arrange private meals or transportation for themselves at their own expense.<\/i><\/b><\/p>\n<p>[\/et_pb_accordion_item][et_pb_accordion_item title=&#8221;Flights&#8221; _builder_version=&#8221;4.18.0&#8243; global_colors_info=&#8221;{}&#8221; open=&#8221;off&#8221;]<\/p>\n<p><em><b><u>International flights (approximately $800\u2013$1,000 USD): <\/u><\/b><\/em><\/p>\n<p>The international arrival\/departure airport is\u00a0<strong>BOG \u2013\u00a0El Dorado International Airport\u00a0<\/strong>in Bogot\u00e1<\/p>\n<p>Please book your international arrival <b>into BOG for<\/b> <b>Sunday, September 18 <\/b><b><\/b><\/p>\n<p>Please book your international departure<b> from BOG for Monday, September 26\u00a0<\/b><\/p>\n<p>&nbsp;<\/p>\n<p><em><b><u>Domestic flights (approximately $200 USD)<\/u><\/b><\/em><\/p>\n<p>There will be one round-trip, in-country flight between\u00a0<b>BOG\u00a0to\u00a0PPN<\/b> and <b>PPN to BOG<\/b><\/p>\n<p>Please book the following flights on <a href=\"https:\/\/www.easyfly.com.co\/\" target=\"_blank\" rel=\"noopener noreferrer\" data-auth=\"NotApplicable\" data-linkindex=\"0\">Easyfly<\/a>, \u00a0\u00a0<a href=\"https:\/\/www.avianca.com\/us\/en\/\" target=\"_blank\" rel=\"noopener noreferrer\" data-auth=\"NotApplicable\" data-linkindex=\"1\">Avianca<\/a>, or another third-part site like <a href=\"https:\/\/www.kayak.com\/\" target=\"_blank\" rel=\"noopener noreferrer\" data-auth=\"NotApplicable\" data-linkindex=\"2\">Kayak<\/a>.com &#8211; You can book this flight on Avianca, but it is operated by Easyfly:<\/p>\n<p><b>BOG to PPN on<\/b> <b>Monday, September 19: <\/b><\/p>\n<p>Easyfly 9166 \/ Avianca 4873<\/p>\n<p>Departing 6:14 am from Bogot\u00e1 El Dorado (BOG)<\/p>\n<p>Arriving 7:34 am to Popay\u00e1n Guillermo Le\u00f3n Valencia (PPN)<\/p>\n<p>&#8211;<\/p>\n<p><b>PPN to BOG for Sunday, September 25 <\/b><\/p>\n<p>Easyfly 9169 \/ Avianca 2961<\/p>\n<p>Departing 5:50 pm from Popay\u00e1n Guillermo Le\u00f3n Valencia (PPN)<\/p>\n<p>Arriving\u00a0 7:20 pm to Bogot\u00e1 El Dorado (BOG)<\/p>\n<p><b>**Trip attendees are responsible for booking their own international and domestic flights**<\/b><\/p>\n<p>[\/et_pb_accordion_item][et_pb_accordion_item title=&#8221;Lodging&#8221; _builder_version=&#8221;4.16&#8243; global_colors_info=&#8221;{}&#8221; open=&#8221;off&#8221;]<\/p>\n<p class=\"p1\"><b><a href=\"https:\/\/www.marriott.com\/hotels\/travel\/bogal-aloft-bogota-airport?program=spg\">Aloft Bogot\u00e1 Airport hotel<\/a>\u00a0\u2013\u00a0<\/b>Avenida Calle 26 #92 \u2013 32 Bogota, Colombia \u2013 +57 1 742 7070<\/p>\n<p><em>\u2022<i>\u00a0<b>Trip attendees will be responsible for booking the Aloft Bogot\u00e1 Airport Hotel, for the first (<\/b><\/i><b><i>Sunday, September 18<\/i><\/b><b><i>) and last night (<\/i><\/b><b><i>Sunday, September 25<\/i><\/b><b><i>).\u00a0The Cafe Imports team will arrange hotel accommodations for the rest of the trip, to be paid by attendees upon\u00a0check-in.<\/i><\/b><\/em><\/p>\n<p>[\/et_pb_accordion_item][et_pb_accordion_item title=&#8221;RSVP&#8221; _builder_version=&#8221;4.16&#8243; global_colors_info=&#8221;{}&#8221; open=&#8221;off&#8221;]<\/p>\n<p class=\"p1\"><span class=\"s1\"><b>Connect with Cafe Imports to RSVP.<\/b><\/span><\/p>\n<p class=\"p1\"><span class=\"s1\">For more information and\/or to reserve your spot, <\/span><\/p>\n<p class=\"p1\"><span class=\"s1\">e-mail your sales representative<\/span><\/p>\n<p class=\"p1\"><span class=\"s1\">&#8211; or &#8211;<\/span><\/p>\n<p class=\"p1\"><span class=\"s1\">For Australia office contact, e-mail <\/span><a href=\"mailto:australia@cafeimports.com\"><span class=\"s2\">australia@cafeimports.com<\/span><\/a><\/p>\n<p class=\"p1\"><span class=\"s1\">For Europe office contact, e-mail <\/span><a href=\"mailto:europe@cafeimports.com\"><span class=\"s2\">europe@cafeimports.com<\/span><\/a><\/p>\n<p class=\"p1\"><span class=\"s1\">For North America, Asia, or other office contacts, e-mail <\/span><span class=\"s2\"><a href=\"mailto:sales@cafeimports.co\">sales@cafeimports.com<\/a><\/span><\/p>\n<p>[\/et_pb_accordion_item][\/et_pb_accordion][et_pb_accordion disabled_on=&#8221;on|on|on&#8221; _builder_version=&#8221;4.16&#8243; toggle_level=&#8221;h4&#8243; toggle_font=&#8221;Raleway||||||||&#8221; body_font=&#8221;Raleway||||||||&#8221; text_orientation=&#8221;left&#8221; disabled=&#8221;on&#8221; global_colors_info=&#8221;{}&#8221;][et_pb_accordion_item title=&#8221;Itinerary&#8221; open=&#8221;on&#8221; _builder_version=&#8221;4.16&#8243; global_colors_info=&#8221;{}&#8221;]<\/p>\n<p><strong>Monday, September 23\u00a0\u00a0\u2013\u00a0<\/strong>Arrival to El Dorado International Airport (BOG) in Bogot\u00e1, stay overnight at Aloft hotel.<\/p>\n<p><strong>Tuesday, September 24\u00a0\u00a0\u2013\u00a0<\/strong>Group flight from BOG to Popay\u00e1n PPN (Avianca flight AV4875 @ 12:28 pm). Check into Hotel San Mart\u00edn. Welcome dinner.<\/p>\n<p><strong>Wednesday, September 25\u00a0\u00a0\u2013\u00a0<\/strong>AM: Cupping Regional Selects, Gran Galopes and Farm Select. PM: Farm visits.<\/p>\n<p><strong>Thursday, September 26\u00a0\u00a0\u2013\u00a0<\/strong>AM: Cupping top 30 coffees. PM: Farm visits.<\/p>\n<p><strong>Friday, September 27\u00a0\u00a0\u2013\u00a0<\/strong>AM: Cupping top 15 coffees. PM: Dinner with producers.<\/p>\n<p><strong>Saturday, September 28\u00a0\u2013\u00a0<\/strong>AM: Live auction. PM: Closing dinner.<\/p>\n<p><strong>Sunday, September 29\u00a0\u2013\u00a0<\/strong>Group flight from PPN to BOG (Avianca flight AV4872 @ 2:32 pm), stay overnight at Aloft hotel.<\/p>\n<p><strong>Monday, September 30\u00a0\u2013\u00a0<\/strong>Departure from BOG.<\/p>\n<p>[\/et_pb_accordion_item][et_pb_accordion_item title=&#8221;Expenses&#8221; _builder_version=&#8221;4.16&#8243; global_colors_info=&#8221;{}&#8221; open=&#8221;off&#8221;]<\/p>\n<p class=\"p1\"><b>Trip attendees will be responsible for:<\/b><\/p>\n<p class=\"p1\">\u2022\u00a0<b>Booking\/cost of international flights\u00a0<\/b>to and from Colombia.<\/p>\n<p class=\"p1\">\u2022\u00a0<b>Booking\/cost of domestic flights\u00a0<\/b>between Bogot\u00e1 and Popay\u00e1n.<\/p>\n<p class=\"p1\">\u2022\u00a0<strong>Cost of lodging:\u00a0<\/strong>Approximately $500 USD for the week<\/p>\n<p class=\"p1\">\u2022\u00a0<b>Souvenirs and other incidentals<\/b>.<\/p>\n<p class=\"p2\">\u2022\u00a0<b><i>Cafe Imports will cover group meals and ground transport. Individuals may arrange private meals or transportation for themselves at their own expense.<\/i><\/b><\/p>\n<p>[\/et_pb_accordion_item][et_pb_accordion_item title=&#8221;Flights&#8221; _builder_version=&#8221;4.16&#8243; global_colors_info=&#8221;{}&#8221; open=&#8221;off&#8221;]<\/p>\n<p class=\"p1\"><strong><em>International flights (approximately $800\u2013$1,000 USD)<\/em><\/strong><\/p>\n<p class=\"p2\">The international arrival\/departure airport is\u00a0<strong>BOG \u2013\u00a0El Dorado International Airport\u00a0<\/strong>in Bogot\u00e1<\/p>\n<p class=\"p1\"><strong><em>Domestic flights (approximately $200 USD)<\/em><\/strong><\/p>\n<p class=\"p2\">There will be one round trip in-country flight between\u00a0<strong>BOG<\/strong>\u00a0and\u00a0<strong>PPN \u2013 Guillermo Le\u00f3n Valencia Airport\u00a0<\/strong>in Popay\u00e1n<\/p>\n<p class=\"p1\"><strong><em>Trip Attendees must book these exact in-country flights through\u00a0<a href=\"http:\/\/www.avianca.com\/\"><span class=\"s1\">www.avianca.com<\/span><\/a><span class=\"s2\">:<\/span><\/em><\/strong><\/p>\n<p class=\"p2\"><strong>Avianca flight AV4875\u00a0<\/strong>\u2013 Bogot\u00e1, El Dorado International (BOG) to Popay\u00e1n, Guillermo Le\u00f3n Valencia (PPN), Sep 24 at\u00a012:28pm.<\/p>\n<p class=\"p2\"><strong>Avianca flight AV4872\u00a0<\/strong>\u2013 Popay\u00e1n, Guillermo Le\u00f3n Valencia (PPN) to Bogot\u00e1, El Dorado International (BOG) Sep 29 at\u00a02:32pm.<\/p>\n<p class=\"p1\"><em><strong>\u2022 Trip attendees are responsible for booking their own international and domestic flights.<\/strong><\/em><\/p>\n<p>[\/et_pb_accordion_item][et_pb_accordion_item title=&#8221;Lodging&#8221; _builder_version=&#8221;4.16&#8243; global_colors_info=&#8221;{}&#8221; open=&#8221;off&#8221;]<\/p>\n<p class=\"p1\"><b><a href=\"https:\/\/www.marriott.com\/hotels\/travel\/bogal-aloft-bogota-airport?program=spg\">Aloft Bogot\u00e1 Airport hotel<\/a>\u00a0\u2013\u00a0<\/b>Avenida Calle 26 #92 \u2013 32 Bogot\u00e1, Colombia \u2013 +57 1 742 7070<\/p>\n<p class=\"p1\"><b><a href=\"https:\/\/www.hotelesdann.com\/dann-popayan\/?lang=en\">Hotel Dann Monasterio<\/a> \u2013 <\/b>Cl. 4 ##10-14, Popay\u00e1n, Cauca, Colombia\u00a0\u2013\u00a0+57 2 8242191<\/p>\n<p><em>\u2022\u00a0<strong>Trip attendees will be responsible for booking the Aloft Bogot\u00e1 airport hotel, for the first (Sep 23) and last night (Sep 29).\u00a0The Cafe Imports team will arrange hotel accommodations for the rest of the trip, to be paid by attendees upon\u00a0check-in.<\/strong><\/em><\/p>\n<p>[\/et_pb_accordion_item][et_pb_accordion_item title=&#8221;RSVP&#8221; _builder_version=&#8221;4.16&#8243; global_colors_info=&#8221;{}&#8221; open=&#8221;off&#8221;]<\/p>\n<p class=\"p1\"><span class=\"s1\"><b>Connect with Cafe Imports to RSVP.<\/b><\/span><\/p>\n<p class=\"p1\"><span class=\"s1\">For more information and\/or to reserve your spot, <\/span><\/p>\n<p class=\"p1\"><span class=\"s1\">e-mail your sales representative<\/span><\/p>\n<p class=\"p1\"><span class=\"s1\">&#8211; or &#8211;<\/span><\/p>\n<p class=\"p1\"><span class=\"s1\">For Australia office contact, e-mail <\/span><a href=\"mailto:australia@cafeimports.com\"><span class=\"s2\">australia@cafeimports.com<\/span><\/a><\/p>\n<p class=\"p1\"><span class=\"s1\">For Europe office contact, e-mail <\/span><a href=\"mailto:europe@cafeimports.com\"><span class=\"s2\">europe@cafeimports.com<\/span><\/a><\/p>\n<p class=\"p1\"><span class=\"s1\">For North America, Asia, or other office contacts, e-mail <\/span><span class=\"s2\"><a href=\"mailto:sales@cafeimports.co\">sales@cafeimports.com<\/a><\/span><\/p>\n<p>[\/et_pb_accordion_item][\/et_pb_accordion][\/et_pb_column_inner][\/et_pb_row_inner][\/et_pb_column][\/et_pb_section][et_pb_section fb_built=&#8221;1&#8243; _builder_version=&#8221;4.16&#8243; _module_preset=&#8221;default&#8221; global_colors_info=&#8221;{}&#8221;][et_pb_row _builder_version=&#8221;4.16&#8243; _module_preset=&#8221;default&#8221; global_colors_info=&#8221;{}&#8221;][et_pb_column type=&#8221;4_4&#8243; _builder_version=&#8221;4.16&#8243; _module_preset=&#8221;default&#8221; global_colors_info=&#8221;{}&#8221;][et_pb_image src=&#8221;\/\/cdn.cafeimports.com\/images\/Colo_Best_Cup_footer_mobile.png&#8221; url=&#8221;\/colombia-best-cup&#8221; align_tablet=&#8221;center&#8221; align_phone=&#8221;&#8221; align_last_edited=&#8221;on|desktop&#8221; _builder_version=&#8221;4.16&#8243; module_alignment=&#8221;center&#8221; global_colors_info=&#8221;{}&#8221;][\/et_pb_image][\/et_pb_column][\/et_pb_row][\/et_pb_section]<\/p>\n","protected":false},"excerpt":{"rendered":"<p>RSVP Auction Webpage Gallery Resource Colombia Best&#8230;<\/p>\n","protected":false},"author":15,"featured_media":0,"parent":0,"menu_order":0,"comment_status":"closed","ping_status":"closed","template":"","meta":{"_et_pb_use_builder":"on","_et_pb_old_content":"","_et_gb_content_width":"","inline_featured_image":false,"footnotes":""},"class_list":["post-43252","page","type-page","status-publish","hentry"],"_links":{"self":[{"href":"https:\/\/dev.cafeimports.com\/australia\/blog\/wp-json\/wp\/v2\/pages\/43252","targetHints":{"allow":["GET"]}}],"collection":[{"href":"https:\/\/dev.cafeimports.com\/australia\/blog\/wp-json\/wp\/v2\/pages"}],"about":[{"href":"https:\/\/dev.cafeimports.com\/australia\/blog\/wp-json\/wp\/v2\/types\/page"}],"author":[{"embeddable":true,"href":"https:\/\/dev.cafeimports.com\/australia\/blog\/wp-json\/wp\/v2\/users\/15"}],"replies":[{"embeddable":true,"href":"https:\/\/dev.cafeimports.com\/australia\/blog\/wp-json\/wp\/v2\/comments?post=43252"}],"version-history":[{"count":0,"href":"https:\/\/dev.cafeimports.com\/australia\/blog\/wp-json\/wp\/v2\/pages\/43252\/revisions"}],"wp:attachment":[{"href":"https:\/\/dev.cafeimports.com\/australia\/blog\/wp-json\/wp\/v2\/media?parent=43252"}],"curies":[{"name":"wp","href":"https:\/\/api.w.org\/{rel}","templated":true}]}}